{"id":6409,"date":"2025-12-07T20:07:55","date_gmt":"2025-12-07T18:07:55","guid":{"rendered":"https:\/\/partyfxcompanys.com\/product\/bloque-liquido-doble-corazon-9-8x7x5-2-cm\/"},"modified":"2025-12-07T20:10:12","modified_gmt":"2025-12-07T18:10:12","slug":"bloque-liquido-doble-corazon-9-8x7x5-2-cm","status":"publish","type":"product","link":"https:\/\/partyfxcompanys.com\/en\/product\/bloque-liquido-doble-corazon-9-8x7x5-2-cm\/","title":{"rendered":"Bloque liquido doble coraz\u00f3n \u2013 9.8\u00d77\u00d75.2 cm"},"content":{"rendered":"","protected":false},"excerpt":{"rendered":"<p>Decoraci\u00f3n rom\u00e1ntica con efectos de l\u00edquido y brillo, ideal para regalos de San Valent\u00edn, aniversarios y detalles especiales. La colecci\u00f3n incluye marcos de fotos con coraz\u00f3n, bloques l\u00edquidos con mensaje LOVE y figuras decorativas con movimiento. Productos llamativos, modernos y perfectos para destacar en cualquier escaparate.<\/p>","protected":false},"featured_media":6465,"template":"","meta":{"_eb_attr":"","site-sidebar-layout":"default","site-content-layout":"","ast-site-content-layout":"default","site-content-style":"default","site-sidebar-style":"default","ast-global-header-display":"","ast-banner-title-visibility":"","ast-main-header-display":"","ast-hfb-above-header-display":"","ast-hfb-below-header-display":"","ast-hfb-mobile-header-display":"","site-post-title":"","ast-breadcrumbs-content":"","ast-featured-img":"","footer-sml-layout":"","ast-disable-related-posts":"","theme-transparent-header-meta":"","adv-header-id-meta":"","stick-header-meta":"","header-above-stick-meta":"","header-main-stick-meta":"","header-below-stick-meta":"","astra-migrate-meta-layouts":"default","ast-page-background-enabled":"default","ast-page-background-meta":{"desktop":{"background-color":"var(--ast-global-color-5)","background-image":"","background-repeat":"repeat","background-position":"center center","background-size":"auto","background-attachment":"scroll","background-type":"","background-media":"","overlay-type":"","overlay-color":"","overlay-opacity":"","overlay-gradient":""},"tablet":{"background-color":"","background-image":"","background-repeat":"repeat","background-position":"center center","background-size":"auto","background-attachment":"scroll","background-type":"","background-media":"","overlay-type":"","overlay-color":"","overlay-opacity":"","overlay-gradient":""},"mobile":{"background-color":"","background-image":"","background-repeat":"repeat","background-position":"center center","background-size":"auto","background-attachment":"scroll","background-type":"","background-media":"","overlay-type":"","overlay-color":"","overlay-opacity":"","overlay-gradient":""}},"ast-content-background-meta":{"desktop":{"background-color":"var(--ast-global-color-4)","background-image":"","background-repeat":"repeat","background-position":"center center","background-size":"auto","background-attachment":"scroll","background-type":"","background-media":"","overlay-type":"","overlay-color":"","overlay-opacity":"","overlay-gradient":""},"tablet":{"background-color":"var(--ast-global-color-4)","background-image":"","background-repeat":"repeat","background-position":"center center","background-size":"auto","background-attachment":"scroll","background-type":"","background-media":"","overlay-type":"","overlay-color":"","overlay-opacity":"","overlay-gradient":""},"mobile":{"background-color":"var(--ast-global-color-4)","background-image":"","background-repeat":"repeat","background-position":"center center","background-size":"auto","background-attachment":"scroll","background-type":"","background-media":"","overlay-type":"","overlay-color":"","overlay-opacity":"","overlay-gradient":""}}},"product_brand":[272],"product_cat":[394],"product_tag":[399,304],"class_list":{"0":"post-6409","1":"product","2":"type-product","3":"status-publish","4":"has-post-thumbnail","6":"product_brand-splay","7":"product_cat-decoracion","8":"product_tag-regalo","9":"product_tag-san-valentin","10":"desktop-align-left","11":"tablet-align-left","12":"mobile-align-left","14":"first","15":"instock","16":"taxable","17":"shipping-taxable","18":"product-type-simple"},"_links":{"self":[{"href":"https:\/\/partyfxcompanys.com\/en\/wp-json\/wp\/v2\/product\/6409","targetHints":{"allow":["GET"]}}],"collection":[{"href":"https:\/\/partyfxcompanys.com\/en\/wp-json\/wp\/v2\/product"}],"about":[{"href":"https:\/\/partyfxcompanys.com\/en\/wp-json\/wp\/v2\/types\/product"}],"wp:featuredmedia":[{"embeddable":true,"href":"https:\/\/partyfxcompanys.com\/en\/wp-json\/wp\/v2\/media\/6465"}],"wp:attachment":[{"href":"https:\/\/partyfxcompanys.com\/en\/wp-json\/wp\/v2\/media?parent=6409"}],"wp:term":[{"taxonomy":"product_brand","embeddable":true,"href":"https:\/\/partyfxcompanys.com\/en\/wp-json\/wp\/v2\/product_brand?post=6409"},{"taxonomy":"product_cat","embeddable":true,"href":"https:\/\/partyfxcompanys.com\/en\/wp-json\/wp\/v2\/product_cat?post=6409"},{"taxonomy":"product_tag","embeddable":true,"href":"https:\/\/partyfxcompanys.com\/en\/wp-json\/wp\/v2\/product_tag?post=6409"}],"curies":[{"name":"wp","href":"https:\/\/api.w.org\/{rel}","templated":true}]}}