{"id":6343,"date":"2025-12-07T14:39:18","date_gmt":"2025-12-07T12:39:18","guid":{"rendered":"https:\/\/partyfxcompanys.com\/product\/conejo-blanco-de-peluche-30cm\/"},"modified":"2025-12-07T14:40:27","modified_gmt":"2025-12-07T12:40:27","slug":"conejo-blanco-de-peluche-30cm","status":"publish","type":"product","link":"https:\/\/partyfxcompanys.com\/en\/product\/conejo-blanco-de-peluche-30cm\/","title":{"rendered":"Conejo blanco de peluche-30cm"},"content":{"rendered":"","protected":false},"excerpt":{"rendered":"<p>Conejito de peluche suave, disponible en varios colores y tama\u00f1os, con dise\u00f1o de orejas largas y detalles decorativos. Un estilo tierno y elegante, ideal para regalos, tiendas infantiles y campa\u00f1as de temporada.<\/p>","protected":false},"featured_media":6357,"template":"","meta":{"_eb_attr":"","site-sidebar-layout":"default","site-content-layout":"","ast-site-content-layout":"default","site-content-style":"default","site-sidebar-style":"default","ast-global-header-display":"","ast-banner-title-visibility":"","ast-main-header-display":"","ast-hfb-above-header-display":"","ast-hfb-below-header-display":"","ast-hfb-mobile-header-display":"","site-post-title":"","ast-breadcrumbs-content":"","ast-featured-img":"","footer-sml-layout":"","ast-disable-related-posts":"","theme-transparent-header-meta":"","adv-header-id-meta":"","stick-header-meta":"","header-above-stick-meta":"","header-main-stick-meta":"","header-below-stick-meta":"","astra-migrate-meta-layouts":"default","ast-page-background-enabled":"default","ast-page-background-meta":{"desktop":{"background-color":"var(--ast-global-color-5)","background-image":"","background-repeat":"repeat","background-position":"center center","background-size":"auto","background-attachment":"scroll","background-type":"","background-media":"","overlay-type":"","overlay-color":"","overlay-opacity":"","overlay-gradient":""},"tablet":{"background-color":"","background-image":"","background-repeat":"repeat","background-position":"center center","background-size":"auto","background-attachment":"scroll","background-type":"","background-media":"","overlay-type":"","overlay-color":"","overlay-opacity":"","overlay-gradient":""},"mobile":{"background-color":"","background-image":"","background-repeat":"repeat","background-position":"center center","background-size":"auto","background-attachment":"scroll","background-type":"","background-media":"","overlay-type":"","overlay-color":"","overlay-opacity":"","overlay-gradient":""}},"ast-content-background-meta":{"desktop":{"background-color":"var(--ast-global-color-4)","background-image":"","background-repeat":"repeat","background-position":"center center","background-size":"auto","background-attachment":"scroll","background-type":"","background-media":"","overlay-type":"","overlay-color":"","overlay-opacity":"","overlay-gradient":""},"tablet":{"background-color":"var(--ast-global-color-4)","background-image":"","background-repeat":"repeat","background-position":"center center","background-size":"auto","background-attachment":"scroll","background-type":"","background-media":"","overlay-type":"","overlay-color":"","overlay-opacity":"","overlay-gradient":""},"mobile":{"background-color":"var(--ast-global-color-4)","background-image":"","background-repeat":"repeat","background-position":"center center","background-size":"auto","background-attachment":"scroll","background-type":"","background-media":"","overlay-type":"","overlay-color":"","overlay-opacity":"","overlay-gradient":""}}},"product_brand":[272],"product_cat":[302],"product_tag":[307,304],"class_list":{"0":"post-6343","1":"product","2":"type-product","3":"status-publish","4":"has-post-thumbnail","6":"product_brand-splay","7":"product_cat-peluche-conejo","8":"product_tag-peluche","9":"product_tag-san-valentin","10":"desktop-align-left","11":"tablet-align-left","12":"mobile-align-left","14":"first","15":"instock","16":"taxable","17":"shipping-taxable","18":"product-type-simple"},"_links":{"self":[{"href":"https:\/\/partyfxcompanys.com\/en\/wp-json\/wp\/v2\/product\/6343","targetHints":{"allow":["GET"]}}],"collection":[{"href":"https:\/\/partyfxcompanys.com\/en\/wp-json\/wp\/v2\/product"}],"about":[{"href":"https:\/\/partyfxcompanys.com\/en\/wp-json\/wp\/v2\/types\/product"}],"wp:featuredmedia":[{"embeddable":true,"href":"https:\/\/partyfxcompanys.com\/en\/wp-json\/wp\/v2\/media\/6357"}],"wp:attachment":[{"href":"https:\/\/partyfxcompanys.com\/en\/wp-json\/wp\/v2\/media?parent=6343"}],"wp:term":[{"taxonomy":"product_brand","embeddable":true,"href":"https:\/\/partyfxcompanys.com\/en\/wp-json\/wp\/v2\/product_brand?post=6343"},{"taxonomy":"product_cat","embeddable":true,"href":"https:\/\/partyfxcompanys.com\/en\/wp-json\/wp\/v2\/product_cat?post=6343"},{"taxonomy":"product_tag","embeddable":true,"href":"https:\/\/partyfxcompanys.com\/en\/wp-json\/wp\/v2\/product_tag?post=6343"}],"curies":[{"name":"wp","href":"https:\/\/api.w.org\/{rel}","templated":true}]}}