{"id":14762,"date":"2026-03-02T17:49:10","date_gmt":"2026-03-02T15:49:10","guid":{"rendered":"https:\/\/partyfxcompanys.com\/product\/superhero-slime-tubs-7cm-x-2cm-3-assorted-colours\/"},"modified":"2026-03-03T12:06:28","modified_gmt":"2026-03-03T10:06:28","slug":"superhero-slime-tubs-7cm-x-2cm-3-assorted-colours","status":"publish","type":"product","link":"https:\/\/partyfxcompanys.com\/en\/product\/superhero-slime-tubs-7cm-x-2cm-3-assorted-colours\/","title":{"rendered":"SUPERHERO SLIME TUBS (7CM X 2CM) 3 ASSORTED COLOURS"},"content":{"rendered":"","protected":false},"excerpt":{"rendered":"<p>Squeeze antiestr\u00e9s con efecto az\u00facar y brillo en dise\u00f1os divertidos y coloridos.<br \/>\nMaterial suave y el\u00e1stico que proporciona una experiencia sensorial agradable.<br \/>\nProducto ideal para zona de impulso y venta r\u00e1pida en mostrador.<\/p>","protected":false},"featured_media":14921,"template":"","meta":{"_eb_attr":"","site-sidebar-layout":"default","site-content-layout":"","ast-site-content-layout":"default","site-content-style":"default","site-sidebar-style":"default","ast-global-header-display":"","ast-banner-title-visibility":"","ast-main-header-display":"","ast-hfb-above-header-display":"","ast-hfb-below-header-display":"","ast-hfb-mobile-header-display":"","site-post-title":"","ast-breadcrumbs-content":"","ast-featured-img":"","footer-sml-layout":"","ast-disable-related-posts":"","theme-transparent-header-meta":"","adv-header-id-meta":"","stick-header-meta":"","header-above-stick-meta":"","header-main-stick-meta":"","header-below-stick-meta":"","astra-migrate-meta-layouts":"default","ast-page-background-enabled":"default","ast-page-background-meta":{"desktop":{"background-color":"var(--ast-global-color-5)","background-image":"","background-repeat":"repeat","background-position":"center center","background-size":"auto","background-attachment":"scroll","background-type":"","background-media":"","overlay-type":"","overlay-color":"","overlay-opacity":"","overlay-gradient":""},"tablet":{"background-color":"","background-image":"","background-repeat":"repeat","background-position":"center center","background-size":"auto","background-attachment":"scroll","background-type":"","background-media":"","overlay-type":"","overlay-color":"","overlay-opacity":"","overlay-gradient":""},"mobile":{"background-color":"","background-image":"","background-repeat":"repeat","background-position":"center center","background-size":"auto","background-attachment":"scroll","background-type":"","background-media":"","overlay-type":"","overlay-color":"","overlay-opacity":"","overlay-gradient":""}},"ast-content-background-meta":{"desktop":{"background-color":"var(--ast-global-color-4)","background-image":"","background-repeat":"repeat","background-position":"center center","background-size":"auto","background-attachment":"scroll","background-type":"","background-media":"","overlay-type":"","overlay-color":"","overlay-opacity":"","overlay-gradient":""},"tablet":{"background-color":"var(--ast-global-color-4)","background-image":"","background-repeat":"repeat","background-position":"center center","background-size":"auto","background-attachment":"scroll","background-type":"","background-media":"","overlay-type":"","overlay-color":"","overlay-opacity":"","overlay-gradient":""},"mobile":{"background-color":"var(--ast-global-color-4)","background-image":"","background-repeat":"repeat","background-position":"center center","background-size":"auto","background-attachment":"scroll","background-type":"","background-media":"","overlay-type":"","overlay-color":"","overlay-opacity":"","overlay-gradient":""}}},"product_brand":[],"product_cat":[492],"product_tag":[493],"class_list":{"0":"post-14762","1":"product","2":"type-product","3":"status-publish","4":"has-post-thumbnail","6":"product_cat-squishy","7":"product_tag-juguete-antiestres","8":"desktop-align-left","9":"tablet-align-left","10":"mobile-align-left","12":"first","13":"instock","14":"taxable","15":"shipping-taxable","16":"product-type-simple"},"_links":{"self":[{"href":"https:\/\/partyfxcompanys.com\/en\/wp-json\/wp\/v2\/product\/14762","targetHints":{"allow":["GET"]}}],"collection":[{"href":"https:\/\/partyfxcompanys.com\/en\/wp-json\/wp\/v2\/product"}],"about":[{"href":"https:\/\/partyfxcompanys.com\/en\/wp-json\/wp\/v2\/types\/product"}],"wp:featuredmedia":[{"embeddable":true,"href":"https:\/\/partyfxcompanys.com\/en\/wp-json\/wp\/v2\/media\/14921"}],"wp:attachment":[{"href":"https:\/\/partyfxcompanys.com\/en\/wp-json\/wp\/v2\/media?parent=14762"}],"wp:term":[{"taxonomy":"product_brand","embeddable":true,"href":"https:\/\/partyfxcompanys.com\/en\/wp-json\/wp\/v2\/product_brand?post=14762"},{"taxonomy":"product_cat","embeddable":true,"href":"https:\/\/partyfxcompanys.com\/en\/wp-json\/wp\/v2\/product_cat?post=14762"},{"taxonomy":"product_tag","embeddable":true,"href":"https:\/\/partyfxcompanys.com\/en\/wp-json\/wp\/v2\/product_tag?post=14762"}],"curies":[{"name":"wp","href":"https:\/\/api.w.org\/{rel}","templated":true}]}}