{"id":7809,"date":"2025-12-10T18:28:27","date_gmt":"2025-12-10T16:28:27","guid":{"rendered":"https:\/\/partyfxcompanys.com\/?page_id=7809"},"modified":"2026-02-18T11:42:02","modified_gmt":"2026-02-18T09:42:02","slug":"contacto","status":"publish","type":"page","link":"https:\/\/partyfxcompanys.com\/en\/contacto\/","title":{"rendered":"CONTACTO"},"content":{"rendered":"<div data-elementor-type=\"wp-page\" data-elementor-id=\"7809\" class=\"elementor elementor-7809\" data-elementor-post-type=\"page\">\n\t\t\t\t<div class=\"elementor-element elementor-element-7fc869a e-flex e-con-boxed e-con e-parent\" data-id=\"7fc869a\" data-element_type=\"container\" data-e-type=\"container\" data-settings=\"{&quot;ekit_has_onepagescroll_dot&quot;:&quot;yes&quot;}\">\n\t\t\t\t\t<div class=\"e-con-inner\">\n\t\t\t\t<div class=\"elementor-element elementor-element-81720b0 elementor-widget elementor-widget-image\" data-id=\"81720b0\" data-element_type=\"widget\" data-e-type=\"widget\" data-settings=\"{&quot;ekit_we_effect_on&quot;:&quot;none&quot;}\" data-widget_type=\"image.default\">\n\t\t\t\t\t\t\t\t\t\t\t\t\t\t\t<img fetchpriority=\"high\" decoding=\"async\" width=\"2000\" height=\"748\" src=\"https:\/\/partyfxcompanys.com\/wp-content\/uploads\/2026\/02\/2149686884-1.jpg\" class=\"attachment-full size-full wp-image-13223\" alt=\"\" srcset=\"https:\/\/partyfxcompanys.com\/wp-content\/uploads\/2026\/02\/2149686884-1.jpg 2000w, https:\/\/partyfxcompanys.com\/wp-content\/uploads\/2026\/02\/2149686884-1-300x112.jpg 300w, https:\/\/partyfxcompanys.com\/wp-content\/uploads\/2026\/02\/2149686884-1-768x287.jpg 768w, https:\/\/partyfxcompanys.com\/wp-content\/uploads\/2026\/02\/2149686884-1-1536x574.jpg 1536w, https:\/\/partyfxcompanys.com\/wp-content\/uploads\/2026\/02\/2149686884-1-18x7.jpg 18w, https:\/\/partyfxcompanys.com\/wp-content\/uploads\/2026\/02\/2149686884-1-600x224.jpg 600w\" sizes=\"(max-width: 2000px) 100vw, 2000px\" \/>\t\t\t\t\t\t\t\t\t\t\t\t\t\t\t<\/div>\n\t\t\t\t<div class=\"elementor-element elementor-element-251a0c9 elementor-widget elementor-widget-heading\" data-id=\"251a0c9\" data-element_type=\"widget\" data-e-type=\"widget\" data-settings=\"{&quot;ekit_we_effect_on&quot;:&quot;none&quot;}\" data-widget_type=\"heading.default\">\n\t\t\t\t\t<h1 class=\"elementor-heading-title elementor-size-default\">CONTACTO<\/h1>\t\t\t\t<\/div>\n\t\t\t\t\t<\/div>\n\t\t\t\t<\/div>\n\t\t<div class=\"elementor-element elementor-element-111c2fa e-flex e-con-boxed e-con e-parent\" data-id=\"111c2fa\" data-element_type=\"container\" data-e-type=\"container\" data-settings=\"{&quot;ekit_has_onepagescroll_dot&quot;:&quot;yes&quot;}\">\n\t\t\t\t\t<div class=\"e-con-inner\">\n\t\t\t\t<div class=\"elementor-element elementor-element-6dd138b elementor-widget elementor-widget-text-editor\" data-id=\"6dd138b\" data-element_type=\"widget\" data-e-type=\"widget\" data-settings=\"{&quot;ekit_we_effect_on&quot;:&quot;none&quot;}\" data-widget_type=\"text-editor.default\">\n\t\t\t\t\t\t\t\t\t<h3 data-start=\"140\" data-end=\"156\"><strong data-start=\"157\" data-end=\"179\">PARTYFX COMPANY SL<\/strong><\/h3><p data-start=\"181\" data-end=\"462\">En PARTYFX COMPANY SL estamos comprometidos con ofrecer una comunicaci\u00f3n r\u00e1pida, clara y profesional a todos nuestros clientes mayoristas. Si necesita informaci\u00f3n sobre productos, disponibilidad de stock, log\u00edstica o visitas a nuestro almac\u00e9n, nuestro equipo est\u00e1 a su disposici\u00f3n.<\/p><hr data-start=\"464\" data-end=\"467\" \/><h3 data-start=\"469\" data-end=\"499\"><strong data-start=\"472\" data-end=\"499\">Informaci\u00f3n de Contacto<\/strong><\/h3><p data-start=\"501\" data-end=\"630\"><strong data-start=\"501\" data-end=\"525\">Tel\u00e9fono :<\/strong> +34 911530293\/+34 641939278<br data-start=\"541\" data-end=\"544\" \/><strong data-start=\"544\" data-end=\"554\">Email:<\/strong> sonia.partyfx<span style=\"color: #0274be;\">@gmail.com<\/span><\/p><p data-start=\"501\" data-end=\"630\">Puede contactarnos por cualquiera de estos canales y con gusto le atenderemos.<\/p><hr data-start=\"712\" data-end=\"715\" \/><h3 data-start=\"717\" data-end=\"743\"><strong data-start=\"720\" data-end=\"743\">Horario de Atenci\u00f3n<\/strong><\/h3><ul><li data-start=\"864\" data-end=\"904\"><p data-start=\"866\" data-end=\"904\"><strong data-start=\"866\" data-end=\"888\">Domingo \u2013 Viernes:<\/strong> 10:00 \u2013 19:00<\/p><\/li><li data-start=\"905\" data-end=\"926\"><p data-start=\"907\" data-end=\"926\"><strong data-start=\"907\" data-end=\"918\">S\u00e1bado:<\/strong> Cerrado<\/p><\/li><\/ul><p data-start=\"848\" data-end=\"921\">(El horario puede variar en temporadas especiales o festivos nacionales.)<\/p><hr data-start=\"923\" data-end=\"926\" \/><h3 data-start=\"928\" data-end=\"959\"><strong data-start=\"931\" data-end=\"959\">Visita a Nuestro Almac\u00e9n<\/strong><\/h3><p data-start=\"961\" data-end=\"1132\">Si desea ver nuestros productos, realizar una compra mayorista o coordinar una recogida, atendemos <strong data-start=\"1060\" data-end=\"1079\">con cita previa<\/strong> para ofrecer una experiencia r\u00e1pida y personalizada.<\/p><p data-start=\"1134\" data-end=\"1204\">Para programar una visita, puede llamarnos o escribirnos por WhatsApp.<\/p><hr data-start=\"1206\" data-end=\"1209\" \/><h3 data-start=\"1211\" data-end=\"1261\"><strong data-start=\"1214\" data-end=\"1261\">Atenci\u00f3n para Clientes Mayoristas de Europa<\/strong><\/h3><p data-start=\"1263\" data-end=\"1353\">Clientes de otros pa\u00edses de la Uni\u00f3n Europea tambi\u00e9n pueden comunicarse con nosotros para:<\/p><ul data-start=\"1355\" data-end=\"1494\"><li data-start=\"1355\" data-end=\"1396\"><p data-start=\"1357\" data-end=\"1396\">Consultas de transporte internacional<\/p><\/li><li data-start=\"1397\" data-end=\"1420\"><p data-start=\"1399\" data-end=\"1420\">Pedidos por volumen<\/p><\/li><li data-start=\"1421\" data-end=\"1448\"><p data-start=\"1423\" data-end=\"1448\">Cotizaciones especiales<\/p><\/li><li data-start=\"1449\" data-end=\"1494\"><p data-start=\"1451\" data-end=\"1494\">Informaci\u00f3n sobre disponibilidad de stock<\/p><\/li><\/ul><p data-start=\"1496\" data-end=\"1537\">Responderemos en el menor tiempo posible.<\/p>\t\t\t\t\t\t\t\t<\/div>\n\t\t\t\t\t<\/div>\n\t\t\t\t<\/div>\n\t\t\t\t<\/div>","protected":false},"excerpt":{"rendered":"<p>CONTACTO PARTYFX COMPANY SL En PARTYFX COMPANY SL estamos comprometidos con ofrecer una comunicaci\u00f3n r\u00e1pida, clara y profesional a todos [&hellip;]<\/p>\n","protected":false},"author":1,"featured_media":0,"parent":0,"menu_order":0,"comment_status":"closed","ping_status":"closed","template":"","meta":{"_eb_attr":"","site-sidebar-layout":"no-sidebar","site-content-layout":"","ast-site-content-layout":"full-width-container","site-content-style":"default","site-sidebar-style":"default","ast-global-header-display":"","ast-banner-title-visibility":"","ast-main-header-display":"","ast-hfb-above-header-display":"","ast-hfb-below-header-display":"","ast-hfb-mobile-header-display":"","site-post-title":"","ast-breadcrumbs-content":"","ast-featured-img":"disabled","footer-sml-layout":"","ast-disable-related-posts":"","theme-transparent-header-meta":"","adv-header-id-meta":"","stick-header-meta":"","header-above-stick-meta":"","header-main-stick-meta":"","header-below-stick-meta":"","astra-migrate-meta-layouts":"default","ast-page-background-enabled":"default","ast-page-background-meta":{"desktop":{"background-color":"var(--ast-global-color-5)","background-image":"","background-repeat":"repeat","background-position":"center center","background-size":"auto","background-attachment":"scroll","background-type":"","background-media":"","overlay-type":"","overlay-color":"","overlay-opacity":"","overlay-gradient":""},"tablet":{"background-color":"","background-image":"","background-repeat":"repeat","background-position":"center center","background-size":"auto","background-attachment":"scroll","background-type":"","background-media":"","overlay-type":"","overlay-color":"","overlay-opacity":"","overlay-gradient":""},"mobile":{"background-color":"","background-image":"","background-repeat":"repeat","background-position":"center center","background-size":"auto","background-attachment":"scroll","background-type":"","background-media":"","overlay-type":"","overlay-color":"","overlay-opacity":"","overlay-gradient":""}},"ast-content-background-meta":{"desktop":{"background-color":"var(--ast-global-color-4)","background-image":"","background-repeat":"repeat","background-position":"center center","background-size":"auto","background-attachment":"scroll","background-type":"","background-media":"","overlay-type":"","overlay-color":"","overlay-opacity":"","overlay-gradient":""},"tablet":{"background-color":"var(--ast-global-color-4)","background-image":"","background-repeat":"repeat","background-position":"center center","background-size":"auto","background-attachment":"scroll","background-type":"","background-media":"","overlay-type":"","overlay-color":"","overlay-opacity":"","overlay-gradient":""},"mobile":{"background-color":"var(--ast-global-color-4)","background-image":"","background-repeat":"repeat","background-position":"center center","background-size":"auto","background-attachment":"scroll","background-type":"","background-media":"","overlay-type":"","overlay-color":"","overlay-opacity":"","overlay-gradient":""}},"footnotes":""},"class_list":["post-7809","page","type-page","status-publish","hentry"],"_links":{"self":[{"href":"https:\/\/partyfxcompanys.com\/en\/wp-json\/wp\/v2\/pages\/7809","targetHints":{"allow":["GET"]}}],"collection":[{"href":"https:\/\/partyfxcompanys.com\/en\/wp-json\/wp\/v2\/pages"}],"about":[{"href":"https:\/\/partyfxcompanys.com\/en\/wp-json\/wp\/v2\/types\/page"}],"author":[{"embeddable":true,"href":"https:\/\/partyfxcompanys.com\/en\/wp-json\/wp\/v2\/users\/1"}],"replies":[{"embeddable":true,"href":"https:\/\/partyfxcompanys.com\/en\/wp-json\/wp\/v2\/comments?post=7809"}],"version-history":[{"count":35,"href":"https:\/\/partyfxcompanys.com\/en\/wp-json\/wp\/v2\/pages\/7809\/revisions"}],"predecessor-version":[{"id":13295,"href":"https:\/\/partyfxcompanys.com\/en\/wp-json\/wp\/v2\/pages\/7809\/revisions\/13295"}],"wp:attachment":[{"href":"https:\/\/partyfxcompanys.com\/en\/wp-json\/wp\/v2\/media?parent=7809"}],"curies":[{"name":"wp","href":"https:\/\/api.w.org\/{rel}","templated":true}]}}