{"id":7798,"date":"2025-12-10T18:13:12","date_gmt":"2025-12-10T16:13:12","guid":{"rendered":"https:\/\/partyfxcompanys.com\/?page_id=7798"},"modified":"2026-02-18T11:51:54","modified_gmt":"2026-02-18T09:51:54","slug":"nuestro-almacen-y-logistica","status":"publish","type":"page","link":"https:\/\/partyfxcompanys.com\/en\/nuestro-almacen-y-logistica\/","title":{"rendered":"NUESTRO ALMAC\u00c9N Y LOG\u00cdSTICA"},"content":{"rendered":"<div data-elementor-type=\"wp-page\" data-elementor-id=\"7798\" class=\"elementor elementor-7798\" data-elementor-post-type=\"page\">\n\t\t\t\t<div class=\"elementor-element elementor-element-ecc025f e-flex e-con-boxed e-con e-parent\" data-id=\"ecc025f\" data-element_type=\"container\" data-e-type=\"container\" data-settings=\"{&quot;ekit_has_onepagescroll_dot&quot;:&quot;yes&quot;}\">\n\t\t\t\t\t<div class=\"e-con-inner\">\n\t\t\t\t<div class=\"elementor-element elementor-element-10e1b6a elementor-widget elementor-widget-image\" data-id=\"10e1b6a\" data-element_type=\"widget\" data-e-type=\"widget\" data-settings=\"{&quot;ekit_we_effect_on&quot;:&quot;none&quot;}\" data-widget_type=\"image.default\">\n\t\t\t\t\t\t\t\t\t\t\t\t\t\t\t<img fetchpriority=\"high\" decoding=\"async\" width=\"2000\" height=\"1143\" src=\"https:\/\/partyfxcompanys.com\/wp-content\/uploads\/2026\/02\/29661.jpg\" class=\"attachment-full size-full wp-image-13211\" alt=\"\" srcset=\"https:\/\/partyfxcompanys.com\/wp-content\/uploads\/2026\/02\/29661.jpg 2000w, https:\/\/partyfxcompanys.com\/wp-content\/uploads\/2026\/02\/29661-300x171.jpg 300w, https:\/\/partyfxcompanys.com\/wp-content\/uploads\/2026\/02\/29661-768x439.jpg 768w, https:\/\/partyfxcompanys.com\/wp-content\/uploads\/2026\/02\/29661-1536x878.jpg 1536w, https:\/\/partyfxcompanys.com\/wp-content\/uploads\/2026\/02\/29661-18x10.jpg 18w, https:\/\/partyfxcompanys.com\/wp-content\/uploads\/2026\/02\/29661-600x343.jpg 600w\" sizes=\"(max-width: 2000px) 100vw, 2000px\" \/>\t\t\t\t\t\t\t\t\t\t\t\t\t\t\t<\/div>\n\t\t\t\t<div class=\"elementor-element elementor-element-229bf98 elementor-widget elementor-widget-heading\" data-id=\"229bf98\" data-element_type=\"widget\" data-e-type=\"widget\" data-settings=\"{&quot;ekit_we_effect_on&quot;:&quot;none&quot;}\" data-widget_type=\"heading.default\">\n\t\t\t\t\t<h1 class=\"elementor-heading-title elementor-size-default\">NUESTRO ALMAC\u00c9N Y LOG\u00cdSTICA<\/h1>\t\t\t\t<\/div>\n\t\t\t\t\t<\/div>\n\t\t\t\t<\/div>\n\t\t<div class=\"elementor-element elementor-element-b08a41d e-flex e-con-boxed e-con e-parent\" data-id=\"b08a41d\" data-element_type=\"container\" data-e-type=\"container\" data-settings=\"{&quot;ekit_has_onepagescroll_dot&quot;:&quot;yes&quot;}\">\n\t\t\t\t\t<div class=\"e-con-inner\">\n\t\t\t\t<div class=\"elementor-element elementor-element-723eb05 elementor-widget elementor-widget-text-editor\" data-id=\"723eb05\" data-element_type=\"widget\" data-e-type=\"widget\" data-settings=\"{&quot;ekit_we_effect_on&quot;:&quot;none&quot;}\" data-widget_type=\"text-editor.default\">\n\t\t\t\t\t\t\t\t\t<h3 data-start=\"223\" data-end=\"240\">Visi\u00f3n general<\/h3><p data-start=\"241\" data-end=\"609\">PARTYFX COMPANY SL opera como <strong data-start=\"271\" data-end=\"316\">almac\u00e9n mayorista y punto de venta f\u00edsico<\/strong> en el centro de Madrid. Nuestra estructura combina inventario propio, sala de exposici\u00f3n y log\u00edstica integrada para ofrecer una respuesta \u00e1gil a clientes B2B en toda Europa. Esto nos permite abastecer pedidos urgentes, facilitar recogida en tienda y garantizar plazos de entrega competitivos.<\/p><hr data-start=\"611\" data-end=\"614\" \/><h3 data-start=\"616\" data-end=\"637\">Ubicaci\u00f3n y acceso<\/h3><p data-start=\"638\" data-end=\"963\">Nuestra localizaci\u00f3n en Madrid ofrece ventajas log\u00edsticas clave: proximidad a principales ejes de transporte y f\u00e1cil acceso para clientes que deseen realizar recogida presencial. Si desea visitarnos, atendemos con cita previa para mostrar el almac\u00e9n y la sala de exposici\u00f3n.<\/p><hr data-start=\"965\" data-end=\"968\" \/><h3 data-start=\"970\" data-end=\"1001\">Capacidad y gesti\u00f3n de stock<\/h3><ul data-start=\"1002\" data-end=\"1491\"><li data-start=\"1002\" data-end=\"1214\"><p data-start=\"1004\" data-end=\"1214\"><strong data-start=\"1004\" data-end=\"1037\">Inventario amplio y rotativo:<\/strong> mantenemos un cat\u00e1logo extenso de productos (peluches, decoraciones, domos de cristal, art\u00edculos para San Valent\u00edn, esculturas 3D, squishies, etc.) para suministro inmediato.<\/p><\/li><li data-start=\"1215\" data-end=\"1354\"><p data-start=\"1217\" data-end=\"1354\"><strong data-start=\"1217\" data-end=\"1253\">Control de stock en tiempo real:<\/strong> trabajamos con sistemas de gesti\u00f3n que nos permiten actualizar disponibilidad y evitar sobreventa.<\/p><\/li><li data-start=\"1355\" data-end=\"1491\"><p data-start=\"1357\" data-end=\"1491\"><strong data-start=\"1357\" data-end=\"1387\">Reabastecimiento continuo:<\/strong> coordinaci\u00f3n frecuente con proveedores para asegurar reposici\u00f3n r\u00e1pida de los art\u00edculos m\u00e1s demandados.<\/p><\/li><\/ul><hr data-start=\"1493\" data-end=\"1496\" \/><h3 data-start=\"1498\" data-end=\"1546\">Recogida en tienda (Pickup \/ Click &amp; Collect)<\/h3><p data-start=\"1547\" data-end=\"1653\">Ofrecemos la posibilidad de <strong data-start=\"1575\" data-end=\"1598\">recogida presencial<\/strong> en nuestro almac\u00e9n para clientes mayoristas locales:<\/p><ul data-start=\"1654\" data-end=\"1880\"><li data-start=\"1654\" data-end=\"1713\"><p data-start=\"1656\" data-end=\"1713\">Pedido preparado en 48\u201372 horas (seg\u00fan disponibilidad).<\/p><\/li><li data-start=\"1714\" data-end=\"1780\"><p data-start=\"1716\" data-end=\"1780\">Recogida con cita para agilizar tr\u00e1mite y verificar mercanc\u00eda.<\/p><\/li><li data-start=\"1781\" data-end=\"1880\"><p data-start=\"1783\" data-end=\"1880\">Atenci\u00f3n personalizada en sala de exposici\u00f3n para seleccionar referencias y ver muestras f\u00edsicas.<\/p><\/li><\/ul><hr data-start=\"1882\" data-end=\"1885\" \/><h3 data-start=\"1887\" data-end=\"1917\">Env\u00edos y tiempos de entrega<\/h3><ul data-start=\"1918\" data-end=\"2414\"><li data-start=\"1918\" data-end=\"2043\"><p data-start=\"1920\" data-end=\"2043\"><strong data-start=\"1920\" data-end=\"1951\">Env\u00edos nacionales (Espa\u00f1a):<\/strong> plazos r\u00e1pidos desde nuestro almac\u00e9n \u2014 normalmente 24\u201372 horas seg\u00fan destino y modalidad.<\/p><\/li><li data-start=\"2044\" data-end=\"2207\"><p data-start=\"2046\" data-end=\"2207\"><strong data-start=\"2046\" data-end=\"2082\">Env\u00edos internacionales (Europa):<\/strong> opciones de transporte est\u00e1ndar y expr\u00e9s; tiempos variables seg\u00fan pa\u00eds (coordinamos la opci\u00f3n m\u00e1s eficiente coste\/tiempo).<\/p><\/li><li data-start=\"2208\" data-end=\"2315\"><p data-start=\"2210\" data-end=\"2315\"><strong data-start=\"2210\" data-end=\"2231\">Pedidos urgentes:<\/strong> gestionamos env\u00edos especiales para necesidades puntuales (consultar condiciones).<\/p><\/li><li data-start=\"2316\" data-end=\"2414\"><p data-start=\"2318\" data-end=\"2414\"><strong data-start=\"2318\" data-end=\"2344\">Seguimiento de env\u00edos:<\/strong> facilitamos n\u00famero de seguimiento y actualizaciones hasta la entrega.<\/p><\/li><\/ul><hr data-start=\"2416\" data-end=\"2419\" \/><h3 data-start=\"2421\" data-end=\"2454\">Socios log\u00edsticos y coberturas<\/h3><p data-start=\"2455\" data-end=\"2735\">Colaboramos con operadores log\u00edsticos de confianza, seleccionados por su cobertura y cumplimiento en Europa, lo que nos permite ofrecer tarifas competitivas y entregas seguras en m\u00faltiples pa\u00edses. Para clientes con vol\u00famenes relevantes, negociamos condiciones y rutas optimizadas.<\/p><hr data-start=\"2737\" data-end=\"2740\" \/><h3 data-start=\"2742\" data-end=\"2775\">Seguridad y control de calidad<\/h3><ul data-start=\"2776\" data-end=\"3121\"><li data-start=\"2776\" data-end=\"2871\"><p data-start=\"2778\" data-end=\"2871\"><strong data-start=\"2778\" data-end=\"2809\">Inspecci\u00f3n previa al env\u00edo:<\/strong> comprobaci\u00f3n de cantidades, embalaje y estado del producto.<\/p><\/li><li data-start=\"2872\" data-end=\"2983\"><p data-start=\"2874\" data-end=\"2983\"><strong data-start=\"2874\" data-end=\"2898\">Embalajes adaptados:<\/strong> protecci\u00f3n reforzada para art\u00edculos fr\u00e1giles (domos de cristal, esculturas, etc.).<\/p><\/li><li data-start=\"2984\" data-end=\"3121\"><p data-start=\"2986\" data-end=\"3121\"><strong data-start=\"2986\" data-end=\"3014\">Pol\u00edtica de incidencias:<\/strong> gestionamos reclamaciones de forma \u00e1gil y transparente para minimizar impacto en la operaci\u00f3n del cliente.<\/p><\/li><\/ul><hr data-start=\"3123\" data-end=\"3126\" \/><h3 data-start=\"3128\" data-end=\"3157\">Ventajas para clientes B2B<\/h3><ul data-start=\"3158\" data-end=\"3484\"><li data-start=\"3158\" data-end=\"3218\"><p data-start=\"3160\" data-end=\"3218\"><strong data-start=\"3160\" data-end=\"3184\">Suministro inmediato<\/strong> desde almac\u00e9n f\u00edsico en Madrid.<\/p><\/li><li data-start=\"3219\" data-end=\"3299\"><p data-start=\"3221\" data-end=\"3299\"><strong data-start=\"3221\" data-end=\"3247\">Flexibilidad log\u00edstica<\/strong>: recogida, env\u00edo nacional y exportaci\u00f3n a Europa.<\/p><\/li><li data-start=\"3300\" data-end=\"3383\"><p data-start=\"3302\" data-end=\"3383\"><strong data-start=\"3302\" data-end=\"3328\">Atenci\u00f3n personalizada<\/strong> para pedidos por volumen y necesidades de temporada.<\/p><\/li><li data-start=\"3384\" data-end=\"3484\"><p data-start=\"3386\" data-end=\"3484\"><strong data-start=\"3386\" data-end=\"3424\">Reducci\u00f3n de tiempos de reposici\u00f3n<\/strong> gracias a inventario rotativo y relaciones con proveedores.<\/p><\/li><\/ul><hr data-start=\"3486\" data-end=\"3489\" \/><h3 data-start=\"3491\" data-end=\"3527\">C\u00f3mo trabajar con nuestro almac\u00e9n<\/h3><ol data-start=\"3528\" data-end=\"3821\"><li data-start=\"3528\" data-end=\"3613\"><p data-start=\"3531\" data-end=\"3613\">Contacta con nuestro equipo comercial por tel\u00e9fono o email para confirmar stock.<\/p><\/li><li data-start=\"3614\" data-end=\"3674\"><p data-start=\"3617\" data-end=\"3674\">Env\u00eda tu pedido por email o mediante el formulario B2B.<\/p><\/li><li data-start=\"3675\" data-end=\"3761\"><p data-start=\"3678\" data-end=\"3761\">Elegir modalidad: recogida en tienda \/ env\u00edo nacional \/ env\u00edo al resto de Europa.<\/p><\/li><li data-start=\"3762\" data-end=\"3821\"><p data-start=\"3765\" data-end=\"3821\">Recibe confirmaci\u00f3n y n\u00famero de seguimiento (si aplica).<\/p><\/li><\/ol><p data-start=\"3823\" data-end=\"3966\"><strong data-start=\"3823\" data-end=\"3846\">Contacto log\u00edstico:<\/strong> <strong data-start=\"4093\" data-end=\"4124\">+34 911530293\/+34 641939278<\/strong>\u00a0(o v\u00eda email a la cuenta corporativa).<br data-start=\"3901\" data-end=\"3904\" \/>(Indicar siempre referencia de pedido para acelerar procesos).<\/p><hr data-start=\"3968\" data-end=\"3971\" \/><h3 data-start=\"3973\" data-end=\"4001\">Llamada a la acci\u00f3n (CTA)<\/h3><p data-start=\"4002\" data-end=\"4239\">Si necesitas <strong data-start=\"4015\" data-end=\"4043\">consultar disponibilidad<\/strong> o <strong data-start=\"4046\" data-end=\"4081\">coordinar una visita al almac\u00e9n<\/strong>, por favor <strong data-start=\"4093\" data-end=\"4124\">ll\u00e1manos al +34 911530293\/+34 641939278<\/strong>\u00a0o escr\u00edbenos por WhatsApp para atenci\u00f3n inmediata. Estaremos encantados de recibirte y organizar tu primer pedido.<\/p>\t\t\t\t\t\t\t\t<\/div>\n\t\t\t\t\t<\/div>\n\t\t\t\t<\/div>\n\t\t<div class=\"elementor-element elementor-element-189875b e-flex e-con-boxed e-con e-parent\" data-id=\"189875b\" data-element_type=\"container\" data-e-type=\"container\" data-settings=\"{&quot;ekit_has_onepagescroll_dot&quot;:&quot;yes&quot;}\">\n\t\t\t\t\t<div class=\"e-con-inner\">\n\t\t\t\t\t<\/div>\n\t\t\t\t<\/div>\n\t\t\t\t<\/div>","protected":false},"excerpt":{"rendered":"<p>NUESTRO ALMAC\u00c9N Y LOG\u00cdSTICA Visi\u00f3n general PARTYFX COMPANY SL opera como almac\u00e9n mayorista y punto de venta f\u00edsico en el [&hellip;]<\/p>\n","protected":false},"author":1,"featured_media":0,"parent":0,"menu_order":0,"comment_status":"closed","ping_status":"closed","template":"","meta":{"_eb_attr":"","site-sidebar-layout":"no-sidebar","site-content-layout":"","ast-site-content-layout":"full-width-container","site-content-style":"default","site-sidebar-style":"default","ast-global-header-display":"","ast-banner-title-visibility":"","ast-main-header-display":"","ast-hfb-above-header-display":"","ast-hfb-below-header-display":"","ast-hfb-mobile-header-display":"","site-post-title":"","ast-breadcrumbs-content":"","ast-featured-img":"disabled","footer-sml-layout":"","ast-disable-related-posts":"","theme-transparent-header-meta":"","adv-header-id-meta":"","stick-header-meta":"","header-above-stick-meta":"","header-main-stick-meta":"","header-below-stick-meta":"","astra-migrate-meta-layouts":"default","ast-page-background-enabled":"default","ast-page-background-meta":{"desktop":{"background-color":"var(--ast-global-color-5)","background-image":"","background-repeat":"repeat","background-position":"center center","background-size":"auto","background-attachment":"scroll","background-type":"","background-media":"","overlay-type":"","overlay-color":"","overlay-opacity":"","overlay-gradient":""},"tablet":{"background-color":"","background-image":"","background-repeat":"repeat","background-position":"center center","background-size":"auto","background-attachment":"scroll","background-type":"","background-media":"","overlay-type":"","overlay-color":"","overlay-opacity":"","overlay-gradient":""},"mobile":{"background-color":"","background-image":"","background-repeat":"repeat","background-position":"center center","background-size":"auto","background-attachment":"scroll","background-type":"","background-media":"","overlay-type":"","overlay-color":"","overlay-opacity":"","overlay-gradient":""}},"ast-content-background-meta":{"desktop":{"background-color":"var(--ast-global-color-4)","background-image":"","background-repeat":"repeat","background-position":"center center","background-size":"auto","background-attachment":"scroll","background-type":"","background-media":"","overlay-type":"","overlay-color":"","overlay-opacity":"","overlay-gradient":""},"tablet":{"background-color":"var(--ast-global-color-4)","background-image":"","background-repeat":"repeat","background-position":"center center","background-size":"auto","background-attachment":"scroll","background-type":"","background-media":"","overlay-type":"","overlay-color":"","overlay-opacity":"","overlay-gradient":""},"mobile":{"background-color":"var(--ast-global-color-4)","background-image":"","background-repeat":"repeat","background-position":"center center","background-size":"auto","background-attachment":"scroll","background-type":"","background-media":"","overlay-type":"","overlay-color":"","overlay-opacity":"","overlay-gradient":""}},"footnotes":""},"class_list":["post-7798","page","type-page","status-publish","hentry"],"_links":{"self":[{"href":"https:\/\/partyfxcompanys.com\/en\/wp-json\/wp\/v2\/pages\/7798","targetHints":{"allow":["GET"]}}],"collection":[{"href":"https:\/\/partyfxcompanys.com\/en\/wp-json\/wp\/v2\/pages"}],"about":[{"href":"https:\/\/partyfxcompanys.com\/en\/wp-json\/wp\/v2\/types\/page"}],"author":[{"embeddable":true,"href":"https:\/\/partyfxcompanys.com\/en\/wp-json\/wp\/v2\/users\/1"}],"replies":[{"embeddable":true,"href":"https:\/\/partyfxcompanys.com\/en\/wp-json\/wp\/v2\/comments?post=7798"}],"version-history":[{"count":34,"href":"https:\/\/partyfxcompanys.com\/en\/wp-json\/wp\/v2\/pages\/7798\/revisions"}],"predecessor-version":[{"id":13308,"href":"https:\/\/partyfxcompanys.com\/en\/wp-json\/wp\/v2\/pages\/7798\/revisions\/13308"}],"wp:attachment":[{"href":"https:\/\/partyfxcompanys.com\/en\/wp-json\/wp\/v2\/media?parent=7798"}],"curies":[{"name":"wp","href":"https:\/\/api.w.org\/{rel}","templated":true}]}}