{"id":7790,"date":"2025-12-10T18:01:11","date_gmt":"2025-12-10T16:01:11","guid":{"rendered":"https:\/\/partyfxcompanys.com\/?page_id=7790"},"modified":"2026-02-10T13:42:00","modified_gmt":"2026-02-10T11:42:00","slug":"cultura-corporativa","status":"publish","type":"page","link":"https:\/\/partyfxcompanys.com\/en\/cultura-corporativa\/","title":{"rendered":"CULTURA CORPORATIVA"},"content":{"rendered":"<div data-elementor-type=\"wp-page\" data-elementor-id=\"7790\" class=\"elementor elementor-7790\" data-elementor-post-type=\"page\">\n\t\t\t\t<div class=\"elementor-element elementor-element-c464666 e-flex e-con-boxed e-con e-parent\" data-id=\"c464666\" data-element_type=\"container\" data-e-type=\"container\" data-settings=\"{&quot;ekit_has_onepagescroll_dot&quot;:&quot;yes&quot;}\">\n\t\t\t\t\t<div class=\"e-con-inner\">\n\t\t\t\t<div class=\"elementor-element elementor-element-76dbe3e elementor-widget elementor-widget-image\" data-id=\"76dbe3e\" data-element_type=\"widget\" data-e-type=\"widget\" data-settings=\"{&quot;ekit_we_effect_on&quot;:&quot;none&quot;}\" data-widget_type=\"image.default\">\n\t\t\t\t\t\t\t\t\t\t\t\t\t\t\t<img fetchpriority=\"high\" decoding=\"async\" width=\"2000\" height=\"1331\" src=\"https:\/\/partyfxcompanys.com\/wp-content\/uploads\/2026\/02\/2149686870.jpg\" class=\"attachment-full size-full wp-image-13207\" alt=\"\" srcset=\"https:\/\/partyfxcompanys.com\/wp-content\/uploads\/2026\/02\/2149686870.jpg 2000w, https:\/\/partyfxcompanys.com\/wp-content\/uploads\/2026\/02\/2149686870-300x200.jpg 300w, https:\/\/partyfxcompanys.com\/wp-content\/uploads\/2026\/02\/2149686870-768x511.jpg 768w, https:\/\/partyfxcompanys.com\/wp-content\/uploads\/2026\/02\/2149686870-1536x1022.jpg 1536w, https:\/\/partyfxcompanys.com\/wp-content\/uploads\/2026\/02\/2149686870-18x12.jpg 18w, https:\/\/partyfxcompanys.com\/wp-content\/uploads\/2026\/02\/2149686870-600x399.jpg 600w\" sizes=\"(max-width: 2000px) 100vw, 2000px\" \/>\t\t\t\t\t\t\t\t\t\t\t\t\t\t\t<\/div>\n\t\t\t\t<div class=\"elementor-element elementor-element-31d9486 elementor-widget elementor-widget-heading\" data-id=\"31d9486\" data-element_type=\"widget\" data-e-type=\"widget\" data-settings=\"{&quot;ekit_we_effect_on&quot;:&quot;none&quot;}\" data-widget_type=\"heading.default\">\n\t\t\t\t\t<h1 class=\"elementor-heading-title elementor-size-default\">CULTURA CORPORATIVA<\/h1>\t\t\t\t<\/div>\n\t\t\t\t\t<\/div>\n\t\t\t\t<\/div>\n\t\t<div class=\"elementor-element elementor-element-65ba5a4 e-flex e-con-boxed e-con e-parent\" data-id=\"65ba5a4\" data-element_type=\"container\" data-e-type=\"container\" data-settings=\"{&quot;ekit_has_onepagescroll_dot&quot;:&quot;yes&quot;}\">\n\t\t\t\t\t<div class=\"e-con-inner\">\n\t\t\t\t<div class=\"elementor-element elementor-element-6449bb8 elementor-widget elementor-widget-text-editor\" data-id=\"6449bb8\" data-element_type=\"widget\" data-e-type=\"widget\" data-settings=\"{&quot;ekit_we_effect_on&quot;:&quot;none&quot;}\" data-widget_type=\"text-editor.default\">\n\t\t\t\t\t\t\t\t\t<h3 data-start=\"205\" data-end=\"227\"><strong data-start=\"205\" data-end=\"227\">PARTYFX COMPANY SL<\/strong><\/h3><p data-start=\"229\" data-end=\"545\">En PARTYFX COMPANY SL, nuestra cultura corporativa se fundamenta en la excelencia, la responsabilidad y una visi\u00f3n clara orientada al crecimiento en toda Europa. Cada decisi\u00f3n, cada producto y cada servicio que ofrecemos refleja nuestro compromiso permanente con la calidad y la satisfacci\u00f3n del cliente profesional.<\/p><hr data-start=\"547\" data-end=\"550\" \/><h3 data-start=\"552\" data-end=\"589\"><strong data-start=\"555\" data-end=\"589\">Compromiso con la Alta Calidad<\/strong><\/h3><p data-start=\"591\" data-end=\"867\">La calidad es el eje central de nuestra empresa.<br data-start=\"639\" data-end=\"642\" \/>Seleccionamos cuidadosamente cada producto, colaboramos con proveedores confiables y realizamos controles rigurosos para garantizar que nuestros clientes reciban art\u00edculos que cumplan con los m\u00e1s altos est\u00e1ndares del mercado.<\/p><p data-start=\"869\" data-end=\"939\">Para nosotros, la calidad no es un objetivo; es una forma de trabajar.<\/p><hr data-start=\"941\" data-end=\"944\" \/><h3 data-start=\"946\" data-end=\"987\"><strong data-start=\"949\" data-end=\"987\">Servicio Profesional y Responsable<\/strong><\/h3><p data-start=\"989\" data-end=\"1110\">Creemos que un servicio excepcional es tan importante como un buen producto.<br data-start=\"1065\" data-end=\"1068\" \/>Por ello, en PARTYFX COMPANY SL ofrecemos:<\/p><ul data-start=\"1112\" data-end=\"1319\"><li data-start=\"1112\" data-end=\"1147\"><p data-start=\"1114\" data-end=\"1147\">Atenci\u00f3n r\u00e1pida y personalizada<\/p><\/li><li data-start=\"1148\" data-end=\"1193\"><p data-start=\"1150\" data-end=\"1193\">Soporte continuo para clientes mayoristas<\/p><\/li><li data-start=\"1194\" data-end=\"1253\"><p data-start=\"1196\" data-end=\"1253\">Procesos comerciales claros, eficientes y transparentes<\/p><\/li><li data-start=\"1254\" data-end=\"1319\"><p data-start=\"1256\" data-end=\"1319\">Respuesta \u00e1gil ante necesidades urgentes o pedidos especiales<\/p><\/li><\/ul><p data-start=\"1321\" data-end=\"1422\">Nuestra misi\u00f3n es acompa\u00f1ar a cada cliente y ayudarle a crecer con soluciones pr\u00e1cticas y confiables.<\/p><hr data-start=\"1424\" data-end=\"1427\" \/><h3 data-start=\"1429\" data-end=\"1479\"><strong data-start=\"1432\" data-end=\"1479\">Visi\u00f3n Europea: Servir a Todo el Continente<\/strong><\/h3><p data-start=\"1481\" data-end=\"1649\">Con sede en Madrid, uno de los centros comerciales clave de Europa, trabajamos con una visi\u00f3n clara:<br data-start=\"1581\" data-end=\"1584\" \/><strong data-start=\"1584\" data-end=\"1649\">ser un proveedor de referencia en todo el territorio europeo.<\/strong><\/p><p data-start=\"1651\" data-end=\"1863\">Nuestra infraestructura, log\u00edstica y cat\u00e1logo en constante expansi\u00f3n nos permiten abastecer a tiendas, distribuidores y negocios de m\u00faltiples pa\u00edses, consolidando una red de clientes que sigue creciendo cada a\u00f1o.<\/p><hr data-start=\"1865\" data-end=\"1868\" \/><h3 data-start=\"1870\" data-end=\"1900\"><strong data-start=\"1873\" data-end=\"1900\">Valores que Nos Definen<\/strong><\/h3><ul data-start=\"1902\" data-end=\"2110\"><li data-start=\"1902\" data-end=\"1936\"><p data-start=\"1904\" data-end=\"1936\"><strong data-start=\"1904\" data-end=\"1934\">Calidad por encima de todo<\/strong><\/p><\/li><li data-start=\"1937\" data-end=\"1976\"><p data-start=\"1939\" data-end=\"1976\"><strong data-start=\"1939\" data-end=\"1974\">Responsabilidad en cada entrega<\/strong><\/p><\/li><li data-start=\"1977\" data-end=\"2020\"><p data-start=\"1979\" data-end=\"2020\"><strong data-start=\"1979\" data-end=\"2018\">Eficiencia y rapidez en el servicio<\/strong><\/p><\/li><li data-start=\"2021\" data-end=\"2065\"><p data-start=\"2023\" data-end=\"2065\"><strong data-start=\"2023\" data-end=\"2063\">Relaciones comerciales a largo plazo<\/strong><\/p><\/li><li data-start=\"2066\" data-end=\"2110\"><p data-start=\"2068\" data-end=\"2110\"><strong data-start=\"2068\" data-end=\"2108\">Innovaci\u00f3n en productos y tendencias<\/strong><\/p><\/li><\/ul><p data-start=\"2112\" data-end=\"2204\">Estos valores gu\u00edan nuestro trabajo diario y representan la identidad de PARTYFX COMPANY SL.<\/p>\t\t\t\t\t\t\t\t<\/div>\n\t\t\t\t\t<\/div>\n\t\t\t\t<\/div>\n\t\t\t\t<\/div>","protected":false},"excerpt":{"rendered":"<p>CULTURA CORPORATIVA PARTYFX COMPANY SL En PARTYFX COMPANY SL, nuestra cultura corporativa se fundamenta en la excelencia, la responsabilidad y [&hellip;]<\/p>\n","protected":false},"author":1,"featured_media":0,"parent":0,"menu_order":0,"comment_status":"closed","ping_status":"closed","template":"","meta":{"_eb_attr":"","site-sidebar-layout":"no-sidebar","site-content-layout":"","ast-site-content-layout":"full-width-container","site-content-style":"default","site-sidebar-style":"default","ast-global-header-display":"","ast-banner-title-visibility":"","ast-main-header-display":"","ast-hfb-above-header-display":"","ast-hfb-below-header-display":"","ast-hfb-mobile-header-display":"","site-post-title":"","ast-breadcrumbs-content":"","ast-featured-img":"disabled","footer-sml-layout":"","ast-disable-related-posts":"","theme-transparent-header-meta":"","adv-header-id-meta":"","stick-header-meta":"","header-above-stick-meta":"","header-main-stick-meta":"","header-below-stick-meta":"","astra-migrate-meta-layouts":"default","ast-page-background-enabled":"default","ast-page-background-meta":{"desktop":{"background-color":"var(--ast-global-color-5)","background-image":"","background-repeat":"repeat","background-position":"center center","background-size":"auto","background-attachment":"scroll","background-type":"","background-media":"","overlay-type":"","overlay-color":"","overlay-opacity":"","overlay-gradient":""},"tablet":{"background-color":"","background-image":"","background-repeat":"repeat","background-position":"center center","background-size":"auto","background-attachment":"scroll","background-type":"","background-media":"","overlay-type":"","overlay-color":"","overlay-opacity":"","overlay-gradient":""},"mobile":{"background-color":"","background-image":"","background-repeat":"repeat","background-position":"center center","background-size":"auto","background-attachment":"scroll","background-type":"","background-media":"","overlay-type":"","overlay-color":"","overlay-opacity":"","overlay-gradient":""}},"ast-content-background-meta":{"desktop":{"background-color":"var(--ast-global-color-4)","background-image":"","background-repeat":"repeat","background-position":"center center","background-size":"auto","background-attachment":"scroll","background-type":"","background-media":"","overlay-type":"","overlay-color":"","overlay-opacity":"","overlay-gradient":""},"tablet":{"background-color":"var(--ast-global-color-4)","background-image":"","background-repeat":"repeat","background-position":"center center","background-size":"auto","background-attachment":"scroll","background-type":"","background-media":"","overlay-type":"","overlay-color":"","overlay-opacity":"","overlay-gradient":""},"mobile":{"background-color":"var(--ast-global-color-4)","background-image":"","background-repeat":"repeat","background-position":"center center","background-size":"auto","background-attachment":"scroll","background-type":"","background-media":"","overlay-type":"","overlay-color":"","overlay-opacity":"","overlay-gradient":""}},"footnotes":""},"class_list":["post-7790","page","type-page","status-publish","hentry"],"_links":{"self":[{"href":"https:\/\/partyfxcompanys.com\/en\/wp-json\/wp\/v2\/pages\/7790","targetHints":{"allow":["GET"]}}],"collection":[{"href":"https:\/\/partyfxcompanys.com\/en\/wp-json\/wp\/v2\/pages"}],"about":[{"href":"https:\/\/partyfxcompanys.com\/en\/wp-json\/wp\/v2\/types\/page"}],"author":[{"embeddable":true,"href":"https:\/\/partyfxcompanys.com\/en\/wp-json\/wp\/v2\/users\/1"}],"replies":[{"embeddable":true,"href":"https:\/\/partyfxcompanys.com\/en\/wp-json\/wp\/v2\/comments?post=7790"}],"version-history":[{"count":20,"href":"https:\/\/partyfxcompanys.com\/en\/wp-json\/wp\/v2\/pages\/7790\/revisions"}],"predecessor-version":[{"id":13210,"href":"https:\/\/partyfxcompanys.com\/en\/wp-json\/wp\/v2\/pages\/7790\/revisions\/13210"}],"wp:attachment":[{"href":"https:\/\/partyfxcompanys.com\/en\/wp-json\/wp\/v2\/media?parent=7790"}],"curies":[{"name":"wp","href":"https:\/\/api.w.org\/{rel}","templated":true}]}}