{"id":1378,"date":"2025-07-27T11:45:23","date_gmt":"2025-07-27T09:45:23","guid":{"rendered":"https:\/\/partyfxcompanys.com\/?page_id=1378"},"modified":"2026-02-18T11:47:01","modified_gmt":"2026-02-18T09:47:01","slug":"introduccion-de-la-empresa","status":"publish","type":"page","link":"https:\/\/partyfxcompanys.com\/en\/introduccion-de-la-empresa\/","title":{"rendered":"INTRODUCCI\u00d3N DE LA EMPRESA"},"content":{"rendered":"<div data-elementor-type=\"wp-page\" data-elementor-id=\"1378\" class=\"elementor elementor-1378\" data-elementor-post-type=\"page\">\n\t\t\t\t<div class=\"elementor-element elementor-element-8b19025 e-flex e-con-boxed e-con e-parent\" data-id=\"8b19025\" data-element_type=\"container\" data-e-type=\"container\" data-settings=\"{&quot;ekit_has_onepagescroll_dot&quot;:&quot;yes&quot;}\">\n\t\t\t\t\t<div class=\"e-con-inner\">\n\t\t\t\t<div class=\"elementor-element elementor-element-412372f elementor-widget elementor-widget-image\" data-id=\"412372f\" data-element_type=\"widget\" data-e-type=\"widget\" data-settings=\"{&quot;ekit_we_effect_on&quot;:&quot;none&quot;}\" data-widget_type=\"image.default\">\n\t\t\t\t\t\t\t\t\t\t\t\t\t\t\t<img fetchpriority=\"high\" decoding=\"async\" width=\"1425\" height=\"570\" src=\"https:\/\/partyfxcompanys.com\/wp-content\/uploads\/2025\/12\/hands-holding-up-blue-letters-forming-word-company-2060x824.jpg\" class=\"attachment-large size-large wp-image-7853\" alt=\"\" srcset=\"https:\/\/partyfxcompanys.com\/wp-content\/uploads\/2025\/12\/hands-holding-up-blue-letters-forming-word-company-2060x824.jpg 2060w, https:\/\/partyfxcompanys.com\/wp-content\/uploads\/2025\/12\/hands-holding-up-blue-letters-forming-word-company-300x120.jpg 300w, https:\/\/partyfxcompanys.com\/wp-content\/uploads\/2025\/12\/hands-holding-up-blue-letters-forming-word-company-768x307.jpg 768w, https:\/\/partyfxcompanys.com\/wp-content\/uploads\/2025\/12\/hands-holding-up-blue-letters-forming-word-company-1536x614.jpg 1536w, https:\/\/partyfxcompanys.com\/wp-content\/uploads\/2025\/12\/hands-holding-up-blue-letters-forming-word-company-2048x819.jpg 2048w, https:\/\/partyfxcompanys.com\/wp-content\/uploads\/2025\/12\/hands-holding-up-blue-letters-forming-word-company-18x7.jpg 18w, https:\/\/partyfxcompanys.com\/wp-content\/uploads\/2025\/12\/hands-holding-up-blue-letters-forming-word-company-600x240.jpg 600w\" sizes=\"(max-width: 1425px) 100vw, 1425px\" \/>\t\t\t\t\t\t\t\t\t\t\t\t\t\t\t<\/div>\n\t\t\t\t<div class=\"elementor-element elementor-element-856de66 elementor-widget elementor-widget-heading\" data-id=\"856de66\" data-element_type=\"widget\" data-e-type=\"widget\" data-settings=\"{&quot;ekit_we_effect_on&quot;:&quot;none&quot;}\" data-widget_type=\"heading.default\">\n\t\t\t\t\t<h1 class=\"elementor-heading-title elementor-size-default\">INTRODUCCI\u00d3N DE LA EMPRESA<\/h1>\t\t\t\t<\/div>\n\t\t\t\t\t<\/div>\n\t\t\t\t<\/div>\n\t\t<div class=\"elementor-element elementor-element-6c190f2 e-flex e-con-boxed e-con e-parent\" data-id=\"6c190f2\" data-element_type=\"container\" data-e-type=\"container\" data-settings=\"{&quot;ekit_has_onepagescroll_dot&quot;:&quot;yes&quot;}\">\n\t\t\t\t\t<div class=\"e-con-inner\">\n\t\t\t\t<div class=\"elementor-element elementor-element-ee24b4c elementor-widget elementor-widget-text-editor\" data-id=\"ee24b4c\" data-element_type=\"widget\" data-e-type=\"widget\" data-settings=\"{&quot;ekit_we_effect_on&quot;:&quot;none&quot;}\" data-widget_type=\"text-editor.default\">\n\t\t\t\t\t\t\t\t\t<h3 data-start=\"191\" data-end=\"225\">\u00a0<strong data-start=\"226\" data-end=\"248\">PARTYFX COMPANY SL<\/strong><\/h3><p data-start=\"250\" data-end=\"525\">PARTYFX COMPANY SL es una empresa mayorista con sede en Madrid, dedicada a la importaci\u00f3n, distribuci\u00f3n y venta al por mayor de productos de regalo, decoraci\u00f3n, peluches, art\u00edculos estacionales y una amplia variedad de productos creativos y populares en el mercado europeo.<\/p><p data-start=\"530\" data-end=\"786\">Como almac\u00e9n y punto de venta f\u00edsico, ofrecemos a nuestros clientes profesionales \u2014tiendas, bazares, comercios minoristas, distribuidores y emprendedores\u2014 un acceso r\u00e1pido y directo a miles de productos de alta rotaci\u00f3n y excelente relaci\u00f3n calidad-precio.<\/p><hr data-start=\"788\" data-end=\"791\" \/><h3 data-start=\"793\" data-end=\"813\"><strong data-start=\"796\" data-end=\"813\">Qui\u00e9nes Somos<\/strong><\/h3><p data-start=\"815\" data-end=\"1112\">Ubicados en<strong data-start=\"827\" data-end=\"864\">\u00a0Madrid<\/strong>, somos un equipo especializado en abastecer a comercios y cadenas con productos seleccionados seg\u00fan las tendencias del mercado.<br data-start=\"992\" data-end=\"995\" \/>Nuestro enfoque es claro: <strong data-start=\"1021\" data-end=\"1111\">productos de calidad, entregas r\u00e1pidas y servicio profesional orientado al cliente B2B<\/strong>.<\/p><p data-start=\"1114\" data-end=\"1305\">Desde nuestro almac\u00e9n central y sala de exposici\u00f3n, ofrecemos atenci\u00f3n personalizada y un cat\u00e1logo en constante crecimiento que cubre desde art\u00edculos de temporada hasta novedades permanentes.<\/p><hr data-start=\"1307\" data-end=\"1310\" \/><h3 data-start=\"1312\" data-end=\"1346\"><strong data-start=\"1315\" data-end=\"1346\">Nuestra Actividad Principal<\/strong><\/h3><p data-start=\"1348\" data-end=\"1411\">PARTYFX COMPANY SL se especializa en las siguientes categor\u00edas:<\/p><h4 data-start=\"1413\" data-end=\"1460\">1. Peluches y Juguetes Suaves (Peluche)<\/h4><ul data-start=\"1461\" data-end=\"1585\"><li data-start=\"1461\" data-end=\"1484\"><p data-start=\"1463\" data-end=\"1484\">Peluches rom\u00e1nticos<\/p><\/li><li data-start=\"1485\" data-end=\"1508\"><p data-start=\"1487\" data-end=\"1508\">Peluches infantiles<\/p><\/li><li data-start=\"1509\" data-end=\"1542\"><p data-start=\"1511\" data-end=\"1542\">Pack de peluches para tiendas<\/p><\/li><li data-start=\"1543\" data-end=\"1585\"><p data-start=\"1545\" data-end=\"1585\">Peluches tama\u00f1o XL y series especiales<\/p><\/li><\/ul><h4><strong data-start=\"1591\" data-end=\"1633\">2. Productos de Regalo de San Valent\u00edn<\/strong><\/h4><ul data-start=\"1634\" data-end=\"1746\"><li data-start=\"1634\" data-end=\"1656\"><p data-start=\"1636\" data-end=\"1656\">Ositos con coraz\u00f3n<\/p><\/li><li data-start=\"1657\" data-end=\"1681\"><p data-start=\"1659\" data-end=\"1681\">Decoraci\u00f3n rom\u00e1ntica<\/p><\/li><li data-start=\"1682\" data-end=\"1704\"><p data-start=\"1684\" data-end=\"1704\">Cojines de coraz\u00f3n<\/p><\/li><li data-start=\"1705\" data-end=\"1746\"><p data-start=\"1707\" data-end=\"1746\">Flores decorativas y domos de cristal<\/p><\/li><\/ul><h4 data-start=\"1748\" data-end=\"1794\"><strong data-start=\"1752\" data-end=\"1794\">3. Esculturas 3D y Art\u00edculos Creativos<\/strong><\/h4><ul data-start=\"1795\" data-end=\"1851\"><li data-start=\"1795\" data-end=\"1811\"><p data-start=\"1797\" data-end=\"1811\">Impresi\u00f3n 3D<\/p><\/li><li data-start=\"1812\" data-end=\"1827\"><p data-start=\"1814\" data-end=\"1827\">Llaveros 3D<\/p><\/li><li data-start=\"1828\" data-end=\"1851\"><p data-start=\"1830\" data-end=\"1851\">Figuras decorativas<\/p><\/li><\/ul><h4 data-start=\"1853\" data-end=\"1898\"><strong data-start=\"1857\" data-end=\"1898\">4. Decoraci\u00f3n y Adornos para el Hogar<\/strong><\/h4><ul data-start=\"1899\" data-end=\"2028\"><li data-start=\"1899\" data-end=\"1921\"><p data-start=\"1901\" data-end=\"1921\">Gatos de la suerte<\/p><\/li><li data-start=\"1922\" data-end=\"1946\"><p data-start=\"1924\" data-end=\"1946\">Botellas con mensaje<\/p><\/li><li data-start=\"1947\" data-end=\"1978\"><p data-start=\"1949\" data-end=\"1978\">Flores en c\u00fapula de cristal<\/p><\/li><li data-start=\"1979\" data-end=\"2028\"><p data-start=\"1981\" data-end=\"2028\">Detalles ornamentales y colecciones tem\u00e1ticas<\/p><\/li><\/ul><h4 data-start=\"2030\" data-end=\"2071\"><strong data-start=\"2034\" data-end=\"2071\">5. Productos Antiestr\u00e9s \/ Squishy<\/strong><\/h4><ul data-start=\"2072\" data-end=\"2122\"><li data-start=\"2072\" data-end=\"2090\"><p data-start=\"2074\" data-end=\"2090\">Squishy SP-LAY<\/p><\/li><li data-start=\"2091\" data-end=\"2122\"><p data-start=\"2093\" data-end=\"2122\">Juguetes antiestr\u00e9s de moda<\/p><\/li><\/ul><h4 data-start=\"2124\" data-end=\"2169\"><strong data-start=\"2128\" data-end=\"2169\">6. Art\u00edculos Populares y de Tendencia<\/strong><\/h4><ul data-start=\"2170\" data-end=\"2273\"><li data-start=\"2170\" data-end=\"2191\"><p data-start=\"2172\" data-end=\"2191\">Regalos tem\u00e1ticos<\/p><\/li><li data-start=\"2192\" data-end=\"2232\"><p data-start=\"2194\" data-end=\"2232\">Productos para campa\u00f1as estacionales<\/p><\/li><li data-start=\"2233\" data-end=\"2273\"><p data-start=\"2235\" data-end=\"2273\">Adornos especiales para festividades<\/p><\/li><\/ul><p data-start=\"2275\" data-end=\"2422\">Gracias a nuestro amplio cat\u00e1logo, somos un proveedor confiable para negocios que buscan variedad, disponibilidad inmediata y precios competitivos.<\/p><hr data-start=\"2424\" data-end=\"2427\" \/><h3 data-start=\"2429\" data-end=\"2454\"><strong data-start=\"2432\" data-end=\"2454\">Nuestro Compromiso<\/strong><\/h3><p data-start=\"2456\" data-end=\"2582\">En PARTYFX COMPANY SL creemos que un buen producto debe ir siempre acompa\u00f1ado de un excelente servicio. Por ello garantizamos:<\/p><ul data-start=\"2584\" data-end=\"2867\"><li data-start=\"2584\" data-end=\"2626\"><p data-start=\"2586\" data-end=\"2626\"><strong data-start=\"2586\" data-end=\"2624\">Stock estable y variedad constante<\/strong><\/p><\/li><li data-start=\"2627\" data-end=\"2681\"><p data-start=\"2629\" data-end=\"2681\"><strong data-start=\"2629\" data-end=\"2679\">Entrega r\u00e1pida desde nuestro almac\u00e9n en Madrid<\/strong><\/p><\/li><li data-start=\"2682\" data-end=\"2738\"><p data-start=\"2684\" data-end=\"2738\"><strong data-start=\"2684\" data-end=\"2736\">Precios competitivos para clientes profesionales<\/strong><\/p><\/li><li data-start=\"2739\" data-end=\"2811\"><p data-start=\"2741\" data-end=\"2811\"><strong data-start=\"2741\" data-end=\"2809\">Atenci\u00f3n personalizada y asesoramiento para mayoristas y tiendas<\/strong><\/p><\/li><li data-start=\"2812\" data-end=\"2867\"><p data-start=\"2814\" data-end=\"2867\"><strong data-start=\"2814\" data-end=\"2867\">Responsabilidad, rapidez y calidad en cada pedido<\/strong><\/p><\/li><\/ul><p data-start=\"2869\" data-end=\"3014\">Nuestro compromiso es ayudar a cada cliente a crecer, ofreciendo soluciones pr\u00e1cticas, productos que destacan y una experiencia de compra fluida.<\/p><hr data-start=\"3016\" data-end=\"3019\" \/><h3 data-start=\"3021\" data-end=\"3046\"><strong data-start=\"3024\" data-end=\"3046\">Datos Corporativos<\/strong><\/h3><p data-start=\"3048\" data-end=\"3171\"><strong data-start=\"3048\" data-end=\"3070\">PARTYFX COMPANY SL<br \/><\/strong>Tel\u00e9fono: +34 911530293\/+34 641939278<strong data-start=\"4093\" data-end=\"4124\"><br \/>Email:sonia.partyfx@gmail.com<\/strong><\/p><hr data-start=\"3173\" data-end=\"3176\" \/><h3 data-start=\"3178\" data-end=\"3199\"><strong data-start=\"3181\" data-end=\"3199\">Nuestra Visi\u00f3n<\/strong><\/h3><p data-start=\"3201\" data-end=\"3405\">Ser uno de los proveedores B2B de referencia en Espa\u00f1a y Europa, ofreciendo siempre productos atractivos, precios competitivos y un servicio cercano que permita a nuestros clientes destacar en el mercado.<\/p>\t\t\t\t\t\t\t\t<\/div>\n\t\t\t\t\t<\/div>\n\t\t\t\t<\/div>\n\t\t\t\t<\/div>","protected":false},"excerpt":{"rendered":"<p>INTRODUCCI\u00d3N DE LA EMPRESA \u00a0PARTYFX COMPANY SL PARTYFX COMPANY SL es una empresa mayorista con sede en Madrid, dedicada a [&hellip;]<\/p>\n","protected":false},"author":1,"featured_media":0,"parent":0,"menu_order":0,"comment_status":"closed","ping_status":"closed","template":"","meta":{"_eb_attr":"","site-sidebar-layout":"no-sidebar","site-content-layout":"","ast-site-content-layout":"full-width-container","site-content-style":"default","site-sidebar-style":"default","ast-global-header-display":"","ast-banner-title-visibility":"","ast-main-header-display":"","ast-hfb-above-header-display":"","ast-hfb-below-header-display":"","ast-hfb-mobile-header-display":"","site-post-title":"disabled","ast-breadcrumbs-content":"","ast-featured-img":"disabled","footer-sml-layout":"","ast-disable-related-posts":"","theme-transparent-header-meta":"","adv-header-id-meta":"","stick-header-meta":"","header-above-stick-meta":"","header-main-stick-meta":"","header-below-stick-meta":"","astra-migrate-meta-layouts":"default","ast-page-background-enabled":"default","ast-page-background-meta":{"desktop":{"background-color":"var(--ast-global-color-5)","background-image":"","background-repeat":"repeat","background-position":"center center","background-size":"auto","background-attachment":"scroll","background-type":"","background-media":"","overlay-type":"","overlay-color":"","overlay-opacity":"","overlay-gradient":""},"tablet":{"background-color":"","background-image":"","background-repeat":"repeat","background-position":"center center","background-size":"auto","background-attachment":"scroll","background-type":"","background-media":"","overlay-type":"","overlay-color":"","overlay-opacity":"","overlay-gradient":""},"mobile":{"background-color":"","background-image":"","background-repeat":"repeat","background-position":"center center","background-size":"auto","background-attachment":"scroll","background-type":"","background-media":"","overlay-type":"","overlay-color":"","overlay-opacity":"","overlay-gradient":""}},"ast-content-background-meta":{"desktop":{"background-color":"var(--ast-global-color-4)","background-image":"","background-repeat":"repeat","background-position":"center center","background-size":"auto","background-attachment":"scroll","background-type":"","background-media":"","overlay-type":"","overlay-color":"","overlay-opacity":"","overlay-gradient":""},"tablet":{"background-color":"var(--ast-global-color-4)","background-image":"","background-repeat":"repeat","background-position":"center center","background-size":"auto","background-attachment":"scroll","background-type":"","background-media":"","overlay-type":"","overlay-color":"","overlay-opacity":"","overlay-gradient":""},"mobile":{"background-color":"var(--ast-global-color-4)","background-image":"","background-repeat":"repeat","background-position":"center center","background-size":"auto","background-attachment":"scroll","background-type":"","background-media":"","overlay-type":"","overlay-color":"","overlay-opacity":"","overlay-gradient":""}},"footnotes":""},"class_list":["post-1378","page","type-page","status-publish","hentry"],"_links":{"self":[{"href":"https:\/\/partyfxcompanys.com\/en\/wp-json\/wp\/v2\/pages\/1378","targetHints":{"allow":["GET"]}}],"collection":[{"href":"https:\/\/partyfxcompanys.com\/en\/wp-json\/wp\/v2\/pages"}],"about":[{"href":"https:\/\/partyfxcompanys.com\/en\/wp-json\/wp\/v2\/types\/page"}],"author":[{"embeddable":true,"href":"https:\/\/partyfxcompanys.com\/en\/wp-json\/wp\/v2\/users\/1"}],"replies":[{"embeddable":true,"href":"https:\/\/partyfxcompanys.com\/en\/wp-json\/wp\/v2\/comments?post=1378"}],"version-history":[{"count":53,"href":"https:\/\/partyfxcompanys.com\/en\/wp-json\/wp\/v2\/pages\/1378\/revisions"}],"predecessor-version":[{"id":13302,"href":"https:\/\/partyfxcompanys.com\/en\/wp-json\/wp\/v2\/pages\/1378\/revisions\/13302"}],"wp:attachment":[{"href":"https:\/\/partyfxcompanys.com\/en\/wp-json\/wp\/v2\/media?parent=1378"}],"curies":[{"name":"wp","href":"https:\/\/api.w.org\/{rel}","templated":true}]}}